{"id":98,"date":"2025-03-24T04:30:09","date_gmt":"2025-03-24T01:30:09","guid":{"rendered":"https:\/\/proje.ustalar.com\/?page_id=98"},"modified":"2025-03-24T04:30:10","modified_gmt":"2025-03-24T01:30:10","slug":"tesis-ve-mulk-yonetimi","status":"publish","type":"page","link":"https:\/\/proje.ustalar.com\/?page_id=98","title":{"rendered":"TES\u0130S VE M\u00dcLK Y\u00d6NET\u0130M\u0130"},"content":{"rendered":"\n<h3 class=\"wp-block-heading\"><strong>SoftMark platformu sayesinde karma\u015f\u0131k proje y\u00f6netim s\u00fcre\u00e7lerinizi zahmetsizce dijitalle\u015ftirin, t\u00fcm ekip \u00fcyelerinizi tek bir merkezi sistemde bulu\u015fturarak i\u015f ak\u0131\u015flar\u0131n\u0131z\u0131 optimize edin. Ger\u00e7ek zamanl\u0131 veri analizi ve ak\u0131ll\u0131 raporlama ara\u00e7lar\u0131m\u0131zla, projelerinizin her a\u015famas\u0131nda bilgiye dayal\u0131 stratejik kararlar al\u0131n, kaynak kullan\u0131m\u0131n\u0131 maksimize ederken zaman ve maliyet tasarrufu sa\u011flay\u0131n.<\/strong><\/h3>\n\n\n\n<p>Tesisinizde dijital d\u00f6n\u00fc\u015f\u00fcme SoftMark ile h\u0131z kazand\u0131r\u0131n. Pazarlad\u0131\u011f\u0131m\u0131z yenilik\u00e7i yaz\u0131l\u0131mlar sayesinde tesisiniz ve kullan\u0131c\u0131lar aras\u0131nda ger\u00e7ek zamanl\u0131 ileti\u015fim sa\u011flayabilir, t\u00fcm y\u00f6netim s\u00fcre\u00e7lerinizi dijitalle\u015ftirebilirsiniz. \u00dcniteler, ya\u015fayanlar, ziyaret\u00e7iler, \u00e7al\u0131\u015fanlar, ara\u00e7lar, istek ve talepler, g\u00f6revler, i\u015f emirleri y\u00f6netimi, kontratlar ve daha bir\u00e7ok \u00f6zellik SoftMark&#8217;\u0131n sundu\u011fu platformlarda bir arada.<\/p>\n\n\n\n<ul class=\"wp-block-list\">\n<li>Kolayca yeni projenizi ekleyin veya d\u00fczenleyin<\/li>\n\n\n\n<li>\u015eablonlar\u0131n\u0131z\u0131 olu\u015fturup, Projenizde kullan\u0131n<\/li>\n\n\n\n<li>\u0130\u015f atamalar\u0131 yap\u0131n veya atanan i\u015fleri inceleyin<\/li>\n\n\n\n<li>Daha sonras\u0131nda arkan\u0131za yaslan\u0131p Projenizin takibini sa\u011flay\u0131n<\/li>\n<\/ul>\n\n\n\n<h4 class=\"wp-block-heading\">Hayat\u0131&nbsp;Kolayla\u015ft\u0131ran<br>Teknolojiler<\/h4>\n\n\n\n<p>Dijital Tesis Y\u00f6netim Platformu farkl\u0131 tesis tiplerine g\u00f6re \u00f6zelle\u015fmi\u015f u\u00e7tan uca entegre \u00e7\u00f6z\u00fcmleri sayesinde tesislerde dijital d\u00f6n\u00fc\u015f\u00fcm\u00fc h\u0131zland\u0131r\u0131yor.<br>Soft Mark kullanan tesislerde ya\u015fayan kullan\u0131c\u0131lar ve ziyaret\u00e7iler mobil uygulamalar\u0131 sayesinde \u00f6nemli duyurulardan an\u0131nda haberdar olur, istek ve taleplerini h\u0131zl\u0131ca iletir, yak\u0131nlar\u0131ndaki t\u00fcm etkinlikleri takip eder, anketlere kat\u0131larak d\u00fc\u015f\u00fcncelerini payla\u015f\u0131r, tesislerinde sunulan g\u00fcvenli hizmetleri kolayca sat\u0131n al\u0131r.<\/p>\n\n\n\n<h4 class=\"wp-block-heading\">Tesislerde<br>Dijital D\u00f6n\u00fc\u015f\u00fcm<\/h4>\n\n\n\n<p>Tesisinizde dijital d\u00f6n\u00fc\u015f\u00fcme SoftMark ile h\u0131z verin. Tesis ve kullan\u0131c\u0131lar ile ger\u00e7ek zamanl\u0131 anl\u0131k ileti\u015fim sa\u011flay\u0131n ve ihtiyac\u0131n\u0131z olan t\u00fcm y\u00f6netim s\u00fcre\u00e7lerini SoftMark ile dijitalle\u015ftirin. \u00dcniteler, ya\u015fayanlar, ziyaret\u00e7iler, \u00e7al\u0131\u015fanlar, ara\u00e7lar, istek ve talepler, g\u00f6revler, i\u015f emirleri y\u00f6netimi, kontratlar ve daha bir\u00e7ok \u00f6zellik Soft Mark platformunda.<\/p>\n","protected":false},"excerpt":{"rendered":"<p>SoftMark platformu sayesinde karma\u015f\u0131k proje y\u00f6netim s\u00fcre\u00e7lerinizi zahmetsizce dijitalle\u015ftirin, t\u00fcm ekip \u00fcyelerinizi tek bir merkezi sistemde bulu\u015fturarak i\u015f ak\u0131\u015flar\u0131n\u0131z\u0131 optimize edin. Ger\u00e7ek zamanl\u0131 veri analizi ve ak\u0131ll\u0131 raporlama ara\u00e7lar\u0131m\u0131zla, projelerinizin her a\u015famas\u0131nda bilgiye dayal\u0131 stratejik kararlar al\u0131n, kaynak kullan\u0131m\u0131n\u0131 maksimize ederken zaman ve maliyet tasarrufu sa\u011flay\u0131n. Tesisinizde dijital d\u00f6n\u00fc\u015f\u00fcme SoftMark ile h\u0131z kazand\u0131r\u0131n. Pazarlad\u0131\u011f\u0131m\u0131z yenilik\u00e7i [&hellip;]<\/p>\n","protected":false},"author":1,"featured_media":0,"parent":0,"menu_order":0,"comment_status":"closed","ping_status":"closed","template":"","meta":{"footnotes":""},"class_list":["post-98","page","type-page","status-publish","hentry"],"_links":{"self":[{"href":"https:\/\/proje.ustalar.com\/index.php?rest_route=\/wp\/v2\/pages\/98","targetHints":{"allow":["GET"]}}],"collection":[{"href":"https:\/\/proje.ustalar.com\/index.php?rest_route=\/wp\/v2\/pages"}],"about":[{"href":"https:\/\/proje.ustalar.com\/index.php?rest_route=\/wp\/v2\/types\/page"}],"author":[{"embeddable":true,"href":"https:\/\/proje.ustalar.com\/index.php?rest_route=\/wp\/v2\/users\/1"}],"replies":[{"embeddable":true,"href":"https:\/\/proje.ustalar.com\/index.php?rest_route=%2Fwp%2Fv2%2Fcomments&post=98"}],"version-history":[{"count":1,"href":"https:\/\/proje.ustalar.com\/index.php?rest_route=\/wp\/v2\/pages\/98\/revisions"}],"predecessor-version":[{"id":100,"href":"https:\/\/proje.ustalar.com\/index.php?rest_route=\/wp\/v2\/pages\/98\/revisions\/100"}],"wp:attachment":[{"href":"https:\/\/proje.ustalar.com\/index.php?rest_route=%2Fwp%2Fv2%2Fmedia&parent=98"}],"curies":[{"name":"wp","href":"https:\/\/api.w.org\/{rel}","templated":true}]}}