{"id":85,"date":"2025-03-24T04:17:37","date_gmt":"2025-03-24T01:17:37","guid":{"rendered":"https:\/\/proje.ustalar.com\/?page_id=85"},"modified":"2025-03-24T04:27:16","modified_gmt":"2025-03-24T01:27:16","slug":"hukuk-danisamanligi","status":"publish","type":"page","link":"https:\/\/proje.ustalar.com\/?page_id=85","title":{"rendered":"HUKUK DANI\u015eMANLI\u011eI"},"content":{"rendered":"\n<p>Avukatlar\u0131m\u0131z in\u015faat hukuku ile ilgili i\u015flem ve uyu\u015fmazl\u0131klarda senelerdir hem y\u00fcklenici, hem de i\u015f sahibi taraf\u0131nda m\u00fcvekkillerimize hukuki dan\u0131\u015fmanl\u0131k ve avukatl\u0131k hizmetleri sunmaktad\u0131r. Ekibimiz eser s\u00f6zle\u015fmesi \u015femsiyesi alt\u0131nda, in\u015faat, y\u00fcklenici ve alty\u00fcklenici s\u00f6zle\u015fmelerinin d\u00fczenlenmesi ve in\u015faat hukukundan kaynaklanan uyu\u015fmazl\u0131klar\u0131n \u00e7\u00f6z\u00fclmesi konusunda deneyim sahibidir. Avukatlar\u0131m\u0131z ekseriyetle a\u015fa\u011f\u0131daki konularda m\u00fcvekkillerimize destek vermektedir.<\/p>\n\n\n\n<ul class=\"wp-block-list\">\n<li>Altyap\u0131 projeleri<\/li>\n\n\n\n<li>6306 say\u0131l\u0131 Afet Riski Alt\u0131ndaki Alanlar\u0131n D\u00f6n\u00fc\u015ft\u00fcr\u00fclmesi Hakk\u0131nda Kanun ve kentsel d\u00f6n\u00fc\u015f\u00fcm,<\/li>\n\n\n\n<li>Arsa pay\u0131 kar\u015f\u0131l\u0131\u011f\u0131 in\u015faat, kar kar\u015f\u0131l\u0131\u011f\u0131 in\u015faat, has\u0131lat payla\u015f\u0131m\u0131 kar\u015f\u0131l\u0131\u011f\u0131 in\u015faat i\u015fleri,<\/li>\n\n\n\n<li>EPC (M\u00fchendislik, tedarik ve in\u015faat s\u00f6zle\u015fmeleri)<\/li>\n\n\n\n<li>FIDIC S\u00f6zle\u015fmeleri<\/li>\n\n\n\n<li>\u0130n\u015faat ve kira karma tipli s\u00f6zle\u015fmeler<\/li>\n\n\n\n<li>Ay\u0131pl\u0131 gayrimenkul imalat\u0131ndan kaynaklanan uyu\u015fmazl\u0131klar<\/li>\n<\/ul>\n","protected":false},"excerpt":{"rendered":"<p>Avukatlar\u0131m\u0131z in\u015faat hukuku ile ilgili i\u015flem ve uyu\u015fmazl\u0131klarda senelerdir hem y\u00fcklenici, hem de i\u015f sahibi taraf\u0131nda m\u00fcvekkillerimize hukuki dan\u0131\u015fmanl\u0131k ve avukatl\u0131k hizmetleri sunmaktad\u0131r. Ekibimiz eser s\u00f6zle\u015fmesi \u015femsiyesi alt\u0131nda, in\u015faat, y\u00fcklenici ve alty\u00fcklenici s\u00f6zle\u015fmelerinin d\u00fczenlenmesi ve in\u015faat hukukundan kaynaklanan uyu\u015fmazl\u0131klar\u0131n \u00e7\u00f6z\u00fclmesi konusunda deneyim sahibidir. Avukatlar\u0131m\u0131z ekseriyetle a\u015fa\u011f\u0131daki konularda m\u00fcvekkillerimize destek vermektedir.<\/p>\n","protected":false},"author":1,"featured_media":0,"parent":0,"menu_order":0,"comment_status":"closed","ping_status":"closed","template":"","meta":{"footnotes":""},"class_list":["post-85","page","type-page","status-publish","hentry"],"_links":{"self":[{"href":"https:\/\/proje.ustalar.com\/index.php?rest_route=\/wp\/v2\/pages\/85","targetHints":{"allow":["GET"]}}],"collection":[{"href":"https:\/\/proje.ustalar.com\/index.php?rest_route=\/wp\/v2\/pages"}],"about":[{"href":"https:\/\/proje.ustalar.com\/index.php?rest_route=\/wp\/v2\/types\/page"}],"author":[{"embeddable":true,"href":"https:\/\/proje.ustalar.com\/index.php?rest_route=\/wp\/v2\/users\/1"}],"replies":[{"embeddable":true,"href":"https:\/\/proje.ustalar.com\/index.php?rest_route=%2Fwp%2Fv2%2Fcomments&post=85"}],"version-history":[{"count":3,"href":"https:\/\/proje.ustalar.com\/index.php?rest_route=\/wp\/v2\/pages\/85\/revisions"}],"predecessor-version":[{"id":97,"href":"https:\/\/proje.ustalar.com\/index.php?rest_route=\/wp\/v2\/pages\/85\/revisions\/97"}],"wp:attachment":[{"href":"https:\/\/proje.ustalar.com\/index.php?rest_route=%2Fwp%2Fv2%2Fmedia&parent=85"}],"curies":[{"name":"wp","href":"https:\/\/api.w.org\/{rel}","templated":true}]}}