{"id":73,"date":"2025-03-24T04:08:30","date_gmt":"2025-03-24T01:08:30","guid":{"rendered":"https:\/\/proje.ustalar.com\/?page_id=73"},"modified":"2025-03-24T04:15:09","modified_gmt":"2025-03-24T01:15:09","slug":"santiye-yonetimi","status":"publish","type":"page","link":"https:\/\/proje.ustalar.com\/?page_id=73","title":{"rendered":"\u015eANT\u0130YE Y\u00d6NET\u0130M\u0130"},"content":{"rendered":"\n<p>\u0130n\u015faat ve imalat sekt\u00f6r\u00fcn\u00fcn gelece\u011fini birlikte \u015fekillendirelim ve dijital d\u00f6n\u00fc\u015f\u00fcm\u00fcn sundu\u011fu f\u0131rsatlar\u0131 birlikte de\u011ferlendirelim.<\/p>\n\n\n\n<p><strong>1 &#8211; 360 Derece Proje Y\u00f6netimi Platformu<\/strong><\/p>\n\n\n\n<p><a href=\"https:\/\/www.trsoftmark.com\/insaat-imalat-yonetimi\/#360-derece\"><\/a><\/p>\n\n\n\n<p><strong>2 &#8211; \u0130n\u015faat S\u00fcre\u00e7leri Y\u00f6netim Platformu<\/strong><\/p>\n\n\n\n<p><a href=\"https:\/\/www.trsoftmark.com\/insaat-imalat-yonetimi\/#insaat-surecleri\"><\/a><\/p>\n\n\n\n<p><strong>3 &#8211; Entegre \u015eantiye Takip ve Y\u00f6netim Sistemi<\/strong><\/p>\n\n\n\n<p><a href=\"https:\/\/www.trsoftmark.com\/insaat-imalat-yonetimi\/#entegre-santiye\"><\/a><\/p>\n\n\n\n<p><strong>4 &#8211; Sat\u0131n Alma ve Tedarik\u00e7i Y\u00f6netim Platformu<\/strong><\/p>\n\n\n\n<p><a href=\"https:\/\/www.trsoftmark.com\/insaat-imalat-yonetimi\/#dijital-satin-alma\"><\/a><\/p>\n\n\n\n<p><strong>5 &#8211; Online Proje ve \u0130\u015f Y\u00f6netim Platformu<\/strong><\/p>\n\n\n\n<p><a href=\"https:\/\/www.trsoftmark.com\/insaat-imalat-yonetimi\/#online-proje\"><\/a><\/p>\n\n\n\n<h4 class=\"wp-block-heading\">360 Derece  Proje Y\u00f6netimi Platformu<\/h4>\n\n\n\n<p>360 Derece Proje Y\u00f6netimi Platformu, in\u015faat ve imalat projelerinizin t\u00fcm a\u015famalar\u0131n\u0131 tek bir ekrandan y\u00f6netmenizi sa\u011flayan kapsaml\u0131 bir \u00e7\u00f6z\u00fcmd\u00fcr. Bu platform, projenizin ba\u015flang\u0131c\u0131ndan tamamlanmas\u0131na kadar her ad\u0131m\u0131 optimize etmenize ve verimlili\u011finizi art\u0131rman\u0131za yard\u0131mc\u0131 olur.<\/p>\n\n\n\n<p>360 Derece Proje Y\u00f6netimi Platformu, in\u015faat ve imalat sekt\u00f6r\u00fcndeki dijital d\u00f6n\u00fc\u015f\u00fcm yolculu\u011funuzda size g\u00fc\u00e7 katacak, verimlili\u011finizi art\u0131racak ve rekabet avantaj\u0131 sa\u011flayacakt\u0131r. Projenizin her a\u015famas\u0131nda, kaynaklar\u0131 optimize etmenize ve sonu\u00e7lar\u0131 maksimize etmenize yard\u0131mc\u0131 olacak bu platform, modern proje y\u00f6netiminin t\u00fcm gereksinimlerini kar\u015f\u0131lamak \u00fczere tasarlanm\u0131\u015ft\u0131r.<\/p>\n\n\n\n<h4 class=\"wp-block-heading\">Temel \u00d6zellikler<\/h4>\n\n\n<div class=\"wp-block-image\">\n<figure class=\"alignleft\"><img decoding=\"async\" src=\"https:\/\/www.trsoftmark.com\/wp-content\/uploads\/2024\/10\/planning-60x60.png\" alt=\"\"\/><\/figure>\n<\/div>\n\n\n<h4 class=\"wp-block-heading\">B\u00fct\u00fcnle\u015fik Planlama<\/h4>\n\n\n\n<p>Projenizin t\u00fcm a\u015famalar\u0131n\u0131 tek bir platformda planlay\u0131n ve y\u00f6netin.<\/p>\n\n\n<div class=\"wp-block-image\">\n<figure class=\"alignleft\"><img decoding=\"async\" src=\"https:\/\/www.trsoftmark.com\/wp-content\/uploads\/2024\/10\/network-60x60.png\" alt=\"\"\/><\/figure>\n<\/div>\n\n\n<h4 class=\"wp-block-heading\">Ger\u00e7ek Zamanl\u0131 \u0130\u015f Birli\u011fi<\/h4>\n\n\n\n<p>Ekip \u00fcyeleri aras\u0131nda anl\u0131k ileti\u015fim ve i\u015f birli\u011fi sa\u011flay\u0131n.<\/p>\n\n\n<div class=\"wp-block-image\">\n<figure class=\"alignleft\"><img decoding=\"async\" src=\"https:\/\/www.trsoftmark.com\/wp-content\/uploads\/2024\/10\/connection-60x60.png\" alt=\"\"\/><\/figure>\n<\/div>\n\n\n<h4 class=\"wp-block-heading\">Ak\u0131ll\u0131 G\u00f6rev Y\u00f6netimi<\/h4>\n\n\n\n<p>G\u00f6revleri otomatik olarak atay\u0131n, takip edin ve optimize edin.<\/p>\n\n\n<div class=\"wp-block-image\">\n<figure class=\"alignleft\"><img decoding=\"async\" src=\"https:\/\/www.trsoftmark.com\/wp-content\/uploads\/2024\/10\/clipboard-60x60.png\" alt=\"\"\/><\/figure>\n<\/div>\n\n\n<h4 class=\"wp-block-heading\">\u00d6zelle\u015ftirilebilir Raporlama<\/h4>\n\n\n\n<p>Proje \u00e7\u0131kt\u0131lar\u0131ndan \u00f6zelle\u015ftirilebilir raporlar olu\u015fturun.<\/p>\n\n\n\n<h4 class=\"wp-block-heading\">Entegre&nbsp;\u015eantiye Takip ve Y\u00f6netim&nbsp;Sistemi<\/h4>\n\n\n\n<p>Entegre \u015eantiye Takip ve Y\u00f6netim Sistemi, in\u015faat projelerinizin saha operasyonlar\u0131n\u0131 tek bir platformdan y\u00f6netmenizi sa\u011flayan kapsaml\u0131 bir \u00e7\u00f6z\u00fcmd\u00fcr. Bu sistem, \u015fantiye y\u00f6netiminin t\u00fcm kritik y\u00f6nlerini bir araya getirerek, verimlili\u011fi art\u0131rman\u0131za ve maliyetleri d\u00fc\u015f\u00fcrmenize yard\u0131mc\u0131 olur.<\/p>\n\n\n\n<p><\/p>\n\n\n<div class=\"wp-block-image\">\n<figure class=\"alignleft is-resized\"><img decoding=\"async\" src=\"https:\/\/www.trsoftmark.com\/wp-content\/uploads\/2024\/10\/clock-1-150x150.png\" alt=\"\" style=\"width:64px;height:auto\"\/><\/figure>\n<\/div>\n\n\n<h4 class=\"wp-block-heading\">Puantaj Y\u00f6netimi<\/h4>\n\n\n\n<p>\u00c7al\u0131\u015fan saatlerini ve performans\u0131n\u0131 hassas bir \u015fekilde takip edin.<\/p>\n\n\n\n<p><\/p>\n\n\n\n<p><a href=\"https:\/\/www.trsoftmark.com\/insaat-imalat-yonetimi\/#\"><\/a><\/p>\n\n\n<div class=\"wp-block-image\">\n<figure class=\"alignleft is-resized\"><img decoding=\"async\" src=\"https:\/\/www.trsoftmark.com\/wp-content\/uploads\/2024\/10\/chat-150x150.png\" alt=\"\" style=\"width:81px;height:auto\"\/><\/figure>\n<\/div>\n\n\n<h4 class=\"wp-block-heading\">Ta\u015feron Y\u00f6netimi<\/h4>\n\n\n\n<p>Alt y\u00fcklenicilerin performans\u0131n\u0131 izleyin, de\u011ferlendirin ve i\u015f kalitesini s\u00fcrekli olarak art\u0131r\u0131n.<\/p>\n\n\n\n<p><a href=\"https:\/\/www.trsoftmark.com\/insaat-imalat-yonetimi\/#\"><\/a><\/p>\n\n\n<div class=\"wp-block-image\">\n<figure class=\"alignleft is-resized\"><img decoding=\"async\" src=\"https:\/\/www.trsoftmark.com\/wp-content\/uploads\/2024\/10\/pallet-150x150.png\" alt=\"\" style=\"width:68px;height:auto\"\/><\/figure>\n<\/div>\n\n\n<h4 class=\"wp-block-heading\">Malzeme Takibi<\/h4>\n\n\n\n<p>Stok y\u00f6netimini optimize edin, malzeme israf\u0131n\u0131 \u00f6nleyin ve tedarik zinciri verimlili\u011fini art\u0131r\u0131n.<\/p>\n\n\n\n<p><a href=\"https:\/\/www.trsoftmark.com\/insaat-imalat-yonetimi\/#\"><\/a><\/p>\n\n\n<div class=\"wp-block-image is-style-default\">\n<figure class=\"alignleft is-resized\"><img decoding=\"async\" src=\"https:\/\/www.trsoftmark.com\/wp-content\/uploads\/2024\/10\/buy-home-150x150.png\" alt=\"\" style=\"width:71px;height:auto\"\/><\/figure>\n<\/div>\n\n\n<h4 class=\"wp-block-heading\">Sat\u0131n Alma Y\u00f6netimi<\/h4>\n\n\n\n<p>Tedarik s\u00fcre\u00e7lerini otomatikle\u015ftirin ve maliyet kontrol\u00fc sa\u011flay\u0131n.<\/p>\n\n\n\n<p><\/p>\n","protected":false},"excerpt":{"rendered":"<p>\u0130n\u015faat ve imalat sekt\u00f6r\u00fcn\u00fcn gelece\u011fini birlikte \u015fekillendirelim ve dijital d\u00f6n\u00fc\u015f\u00fcm\u00fcn sundu\u011fu f\u0131rsatlar\u0131 birlikte de\u011ferlendirelim. 1 &#8211; 360 Derece Proje Y\u00f6netimi Platformu 2 &#8211; \u0130n\u015faat S\u00fcre\u00e7leri Y\u00f6netim Platformu 3 &#8211; Entegre \u015eantiye Takip ve Y\u00f6netim Sistemi 4 &#8211; Sat\u0131n Alma ve Tedarik\u00e7i Y\u00f6netim Platformu 5 &#8211; Online Proje ve \u0130\u015f Y\u00f6netim Platformu 360 Derece Proje Y\u00f6netimi [&hellip;]<\/p>\n","protected":false},"author":1,"featured_media":0,"parent":0,"menu_order":0,"comment_status":"closed","ping_status":"closed","template":"","meta":{"footnotes":""},"class_list":["post-73","page","type-page","status-publish","hentry"],"_links":{"self":[{"href":"https:\/\/proje.ustalar.com\/index.php?rest_route=\/wp\/v2\/pages\/73","targetHints":{"allow":["GET"]}}],"collection":[{"href":"https:\/\/proje.ustalar.com\/index.php?rest_route=\/wp\/v2\/pages"}],"about":[{"href":"https:\/\/proje.ustalar.com\/index.php?rest_route=\/wp\/v2\/types\/page"}],"author":[{"embeddable":true,"href":"https:\/\/proje.ustalar.com\/index.php?rest_route=\/wp\/v2\/users\/1"}],"replies":[{"embeddable":true,"href":"https:\/\/proje.ustalar.com\/index.php?rest_route=%2Fwp%2Fv2%2Fcomments&post=73"}],"version-history":[{"count":8,"href":"https:\/\/proje.ustalar.com\/index.php?rest_route=\/wp\/v2\/pages\/73\/revisions"}],"predecessor-version":[{"id":84,"href":"https:\/\/proje.ustalar.com\/index.php?rest_route=\/wp\/v2\/pages\/73\/revisions\/84"}],"wp:attachment":[{"href":"https:\/\/proje.ustalar.com\/index.php?rest_route=%2Fwp%2Fv2%2Fmedia&parent=73"}],"curies":[{"name":"wp","href":"https:\/\/api.w.org\/{rel}","templated":true}]}}