{"id":50,"date":"2025-03-24T03:36:55","date_gmt":"2025-03-24T00:36:55","guid":{"rendered":"https:\/\/proje.ustalar.com\/?page_id=50"},"modified":"2025-03-24T03:36:56","modified_gmt":"2025-03-24T00:36:56","slug":"iletisim","status":"publish","type":"page","link":"https:\/\/proje.ustalar.com\/?page_id=50","title":{"rendered":"\u0130LET\u0130\u015e\u0130M"},"content":{"rendered":"\n<p><strong>ADRES  :<\/strong><\/p>\n\n\n\n<p>YAKUPLU MERKEZ MAHALLES\u0130 124 SK NO:21\/B<\/p>\n\n\n\n<p>YAKUPLU \/ BEYL\u0130KD\u00dcZ\u00dc \/ ISTANBUL<\/p>\n\n\n\n<p><strong>TEL   : <\/strong> + 9 0 212 875 31 86<\/p>\n\n\n\n<p><strong>GSM : <\/strong>+ 9 0 532 466 60 68<\/p>\n","protected":false},"excerpt":{"rendered":"<p>ADRES : YAKUPLU MERKEZ MAHALLES\u0130 124 SK NO:21\/B YAKUPLU \/ BEYL\u0130KD\u00dcZ\u00dc \/ ISTANBUL TEL : + 9 0 212 875 31 86 GSM : + 9 0 532 466 60 68<\/p>\n","protected":false},"author":1,"featured_media":0,"parent":0,"menu_order":0,"comment_status":"closed","ping_status":"closed","template":"","meta":{"footnotes":""},"class_list":["post-50","page","type-page","status-publish","hentry"],"_links":{"self":[{"href":"https:\/\/proje.ustalar.com\/index.php?rest_route=\/wp\/v2\/pages\/50","targetHints":{"allow":["GET"]}}],"collection":[{"href":"https:\/\/proje.ustalar.com\/index.php?rest_route=\/wp\/v2\/pages"}],"about":[{"href":"https:\/\/proje.ustalar.com\/index.php?rest_route=\/wp\/v2\/types\/page"}],"author":[{"embeddable":true,"href":"https:\/\/proje.ustalar.com\/index.php?rest_route=\/wp\/v2\/users\/1"}],"replies":[{"embeddable":true,"href":"https:\/\/proje.ustalar.com\/index.php?rest_route=%2Fwp%2Fv2%2Fcomments&post=50"}],"version-history":[{"count":1,"href":"https:\/\/proje.ustalar.com\/index.php?rest_route=\/wp\/v2\/pages\/50\/revisions"}],"predecessor-version":[{"id":52,"href":"https:\/\/proje.ustalar.com\/index.php?rest_route=\/wp\/v2\/pages\/50\/revisions\/52"}],"wp:attachment":[{"href":"https:\/\/proje.ustalar.com\/index.php?rest_route=%2Fwp%2Fv2%2Fmedia&parent=50"}],"curies":[{"name":"wp","href":"https:\/\/api.w.org\/{rel}","templated":true}]}}