{"id":47,"date":"2025-03-24T03:32:40","date_gmt":"2025-03-24T00:32:40","guid":{"rendered":"https:\/\/proje.ustalar.com\/?page_id=47"},"modified":"2025-03-24T04:05:23","modified_gmt":"2025-03-24T01:05:23","slug":"hizmetlerimiz","status":"publish","type":"page","link":"https:\/\/proje.ustalar.com\/?page_id=47","title":{"rendered":"H\u0130ZMETLER\u0130M\u0130Z"},"content":{"rendered":"\n<ul class=\"wp-block-list\">\n<li><strong>USTALAR OF AI <\/strong><\/li>\n\n\n\n<li><strong>PROJELEND\u0130RME , TASARIM VE \u00c7\u0130Z\u0130M <\/strong><\/li>\n\n\n\n<li><strong>\u015eANT\u0130YE Y\u00d6NET\u0130M\u0130 <\/strong><\/li>\n\n\n\n<li><strong>\u0130N\u015eAAT \/ \u0130MALAT Y\u00d6NET\u0130M\u0130 <\/strong><\/li>\n\n\n\n<li><strong><a href=\"https:\/\/proje.ustalar.com\/?page_id=53\">KDV \u0130ADE Y\u00d6NET\u0130M\u0130 <\/a><\/strong><\/li>\n\n\n\n<li><strong>MAL\u0130 DANI\u015eMANLIK <\/strong><\/li>\n\n\n\n<li><strong>HUKUK DANI\u015eMANLI\u011eI<\/strong><\/li>\n\n\n\n<li><strong>SATINALMA Y\u00d6NET\u0130M\u0130 <\/strong><\/li>\n\n\n\n<li><strong>SATI\u015e PAZARLAMA , MARKA Y\u00d6NET\u0130M\u0130 <\/strong><\/li>\n\n\n\n<li><strong>TES\u0130S &amp; M\u00dcLK Y\u00d6NET\u0130M\u0130  <\/strong><\/li>\n<\/ul>\n\n\n\n<p><\/p>\n","protected":false},"excerpt":{"rendered":"","protected":false},"author":1,"featured_media":0,"parent":0,"menu_order":0,"comment_status":"closed","ping_status":"closed","template":"","meta":{"footnotes":""},"class_list":["post-47","page","type-page","status-publish","hentry"],"_links":{"self":[{"href":"https:\/\/proje.ustalar.com\/index.php?rest_route=\/wp\/v2\/pages\/47","targetHints":{"allow":["GET"]}}],"collection":[{"href":"https:\/\/proje.ustalar.com\/index.php?rest_route=\/wp\/v2\/pages"}],"about":[{"href":"https:\/\/proje.ustalar.com\/index.php?rest_route=\/wp\/v2\/types\/page"}],"author":[{"embeddable":true,"href":"https:\/\/proje.ustalar.com\/index.php?rest_route=\/wp\/v2\/users\/1"}],"replies":[{"embeddable":true,"href":"https:\/\/proje.ustalar.com\/index.php?rest_route=%2Fwp%2Fv2%2Fcomments&post=47"}],"version-history":[{"count":2,"href":"https:\/\/proje.ustalar.com\/index.php?rest_route=\/wp\/v2\/pages\/47\/revisions"}],"predecessor-version":[{"id":72,"href":"https:\/\/proje.ustalar.com\/index.php?rest_route=\/wp\/v2\/pages\/47\/revisions\/72"}],"wp:attachment":[{"href":"https:\/\/proje.ustalar.com\/index.php?rest_route=%2Fwp%2Fv2%2Fmedia&parent=47"}],"curies":[{"name":"wp","href":"https:\/\/api.w.org\/{rel}","templated":true}]}}