{"id":32,"date":"2025-03-24T02:50:25","date_gmt":"2025-03-23T23:50:25","guid":{"rendered":"https:\/\/proje.ustalar.com\/?page_id=32"},"modified":"2025-03-24T04:03:22","modified_gmt":"2025-03-24T01:03:22","slug":"hakkimzda","status":"publish","type":"page","link":"https:\/\/proje.ustalar.com\/?page_id=32","title":{"rendered":"HAKKIMZDA"},"content":{"rendered":"\n<p><strong><a href=\"https:\/\/proje.ustalar.com\/\">USTALAR OF AI ,<\/a><\/strong> Projemiz art\u0131k haz\u0131r. Bu zamana kadar, bir\u00e7ok in\u015faat sekt\u00f6r\u00fcnde payda\u015flar ile in\u015faatta devrim niteli\u011findeki yapay zekan\u0131n entegresi ile ilgili enine boyuna g\u00f6r\u00fc\u015ft\u00fcm. Onlardan bu konudaki bilgileri tecr\u00fcbeleri,  beklentilerini ve birlikte \u00e7al\u0131\u015fma\u00a0konusunda zemin olu\u015fturmaya \u00e7al\u0131\u015ft\u0131m.\u00a0<\/p>\n\n\n\n<p>Nedir<strong> Ustalar OF AI ( Yapay Zeka )\u00a0<\/strong><\/p>\n\n\n\n<p>Parsel sorgulamadan, in\u015faat bitimine\u00a0kadar olan t\u00fcm s\u00fcre\u00e7leri hesaplanarak, \u00e7evredeki daire emsal sat\u0131\u015f fiyatlar\u0131 ile kar\u015f\u0131la\u015ft\u0131rarak projenin tahmini faaliyet kar\u0131n\u0131 hesaplamaktad\u0131r. Ayr\u0131ca ruhsat al\u0131m\u0131ndan ve daire tesliminden sonra tahminen KDV iade geliri hesaplamaktad\u0131r.<\/p>\n\n\n\n<p>Devam eden \u0130n\u015faat projesindeki finansal hareketleri takip edip , finansal gelirleri maksimuma \u00e7\u0131karmay\u0131 planlamaktad\u0131r.\u00a0<\/p>\n\n\n\n<p>\u0130n\u015faat proje a\u015famas\u0131ndan bitime kadar t\u00fcm s\u00f6zle\u015fmeler ile iligli operasyonlar\u0131 kendi b\u00fcnyesinde takip etmektedir.  Arsa kat kar\u015f\u0131l\u0131\u011f\u0131&nbsp;s\u00f6zle\u015fmesi ve tedarik\u00e7i, ta\u015feron s\u00f6zle\u015fmelerinin haz\u0131rlanmas\u0131 takibi , dairelerin pazarlanmas\u0131 , reklam organizasyonu, kullan\u0131lacak \u00fcr\u00fcnleri \u00fcretimden \u015fantiye kadar olan s\u00fcre\u00e7lerin takibi , tapu ile ilgili randevu sistemini kurgulanmas\u0131 gibi bir\u00e7ok alanda \u00e7al\u0131\u015fma yapmaktad\u0131r.  \u0130n\u015faat malzmeleri \u00fcretimden depoya kadar t\u00fcm s\u00fcre\u00e7leri takip ediyor, \u00fcr\u00fcn kalitesi ve standart\u0131n\u0131 ISO 9001  standart\u0131na uygun raporluyoruz. <\/p>\n\n\n\n<p>USTALAR OF AI daha detayl\u0131 tan\u0131mak ve projenize ili\u015fkin \u00f6rnek bir \u00e7al\u0131\u015fma i\u00e7in bizimle ileti\u015fime ge\u00e7ebilir siniz. <\/p>\n\n\n\n<p>NELER YAPIYORUZ .<\/p>\n\n\n\n<p>\u0130n\u015faat Alan\u0131n Hesaplama <\/p>\n\n\n\n<p>\u0130n\u015faat maliyetini hesaplama <\/p>\n\n\n\n<p>Projelendirme Hizmeti ( Mimari , Teknik , Mekanik ) <\/p>\n\n\n\n<p>\u0130nsan Kaynaklar\u0131  Y\u00f6netimi <\/p>\n\n\n\n<p>Stok &#8211; \u015eantiye Transfer Y\u00f6netimi <\/p>\n\n\n\n<p>\u015eantiye Y\u00f6netimi <\/p>\n\n\n\n<p><strong><a href=\"https:\/\/proje.ustalar.com\/?page_id=53\">KDV \u0130ade Y\u00f6netimi<\/a><\/strong><\/p>\n\n\n\n<p>Site Y\u00f6netimi <\/p>\n\n\n\n<p>Sat\u0131\u015f Pazarlama ve Veri Y\u00f6netimi <\/p>\n\n\n\n<p>CRM Y\u00f6netimi <\/p>\n\n\n\n<p><\/p>\n","protected":false},"excerpt":{"rendered":"<p>USTALAR OF AI , Projemiz art\u0131k haz\u0131r. Bu zamana kadar, bir\u00e7ok in\u015faat sekt\u00f6r\u00fcnde payda\u015flar ile in\u015faatta devrim niteli\u011findeki yapay zekan\u0131n entegresi ile ilgili enine boyuna g\u00f6r\u00fc\u015ft\u00fcm. Onlardan bu konudaki bilgileri tecr\u00fcbeleri, beklentilerini ve birlikte \u00e7al\u0131\u015fma\u00a0konusunda zemin olu\u015fturmaya \u00e7al\u0131\u015ft\u0131m.\u00a0 Nedir Ustalar OF AI ( Yapay Zeka )\u00a0 Parsel sorgulamadan, in\u015faat bitimine\u00a0kadar olan t\u00fcm s\u00fcre\u00e7leri hesaplanarak, \u00e7evredeki [&hellip;]<\/p>\n","protected":false},"author":1,"featured_media":0,"parent":0,"menu_order":0,"comment_status":"closed","ping_status":"closed","template":"","meta":{"footnotes":""},"class_list":["post-32","page","type-page","status-publish","hentry"],"_links":{"self":[{"href":"https:\/\/proje.ustalar.com\/index.php?rest_route=\/wp\/v2\/pages\/32","targetHints":{"allow":["GET"]}}],"collection":[{"href":"https:\/\/proje.ustalar.com\/index.php?rest_route=\/wp\/v2\/pages"}],"about":[{"href":"https:\/\/proje.ustalar.com\/index.php?rest_route=\/wp\/v2\/types\/page"}],"author":[{"embeddable":true,"href":"https:\/\/proje.ustalar.com\/index.php?rest_route=\/wp\/v2\/users\/1"}],"replies":[{"embeddable":true,"href":"https:\/\/proje.ustalar.com\/index.php?rest_route=%2Fwp%2Fv2%2Fcomments&post=32"}],"version-history":[{"count":9,"href":"https:\/\/proje.ustalar.com\/index.php?rest_route=\/wp\/v2\/pages\/32\/revisions"}],"predecessor-version":[{"id":71,"href":"https:\/\/proje.ustalar.com\/index.php?rest_route=\/wp\/v2\/pages\/32\/revisions\/71"}],"wp:attachment":[{"href":"https:\/\/proje.ustalar.com\/index.php?rest_route=%2Fwp%2Fv2%2Fmedia&parent=32"}],"curies":[{"name":"wp","href":"https:\/\/api.w.org\/{rel}","templated":true}]}}