{"id":149,"date":"2025-04-07T17:59:37","date_gmt":"2025-04-07T14:59:37","guid":{"rendered":"https:\/\/proje.ustalar.com\/?page_id=149"},"modified":"2025-04-07T17:59:38","modified_gmt":"2025-04-07T14:59:38","slug":"tedarikci-basvuru-formu","status":"publish","type":"page","link":"https:\/\/proje.ustalar.com\/?page_id=149","title":{"rendered":"TEDAR\u0130K\u00c7\u0130 BA\u015eVURU FORMU"},"content":{"rendered":"\n<pre class=\"wp-block-code\"><code>\n\n\n<!-- form.123formbuilder.com script begins here -->\n<script type=\"text\/javascript\" defer=\"\" src=\"https:\/\/form.123formbuilder.com\/embed\/6829962.js\" data-role=\"form\" data-default-width=\"800px\" data-custom-vars=\"hasEmbedFormStyle=1&amp;hasTransparentBg=1\"><\/script>\n<!-- form.123formbuilder.com script ends here -->\n\n\n\n\n\n<\/code><\/pre>\n","protected":false},"excerpt":{"rendered":"","protected":false},"author":1,"featured_media":0,"parent":0,"menu_order":0,"comment_status":"closed","ping_status":"closed","template":"","meta":{"footnotes":""},"class_list":["post-149","page","type-page","status-publish","hentry"],"_links":{"self":[{"href":"https:\/\/proje.ustalar.com\/index.php?rest_route=\/wp\/v2\/pages\/149","targetHints":{"allow":["GET"]}}],"collection":[{"href":"https:\/\/proje.ustalar.com\/index.php?rest_route=\/wp\/v2\/pages"}],"about":[{"href":"https:\/\/proje.ustalar.com\/index.php?rest_route=\/wp\/v2\/types\/page"}],"author":[{"embeddable":true,"href":"https:\/\/proje.ustalar.com\/index.php?rest_route=\/wp\/v2\/users\/1"}],"replies":[{"embeddable":true,"href":"https:\/\/proje.ustalar.com\/index.php?rest_route=%2Fwp%2Fv2%2Fcomments&post=149"}],"version-history":[{"count":1,"href":"https:\/\/proje.ustalar.com\/index.php?rest_route=\/wp\/v2\/pages\/149\/revisions"}],"predecessor-version":[{"id":151,"href":"https:\/\/proje.ustalar.com\/index.php?rest_route=\/wp\/v2\/pages\/149\/revisions\/151"}],"wp:attachment":[{"href":"https:\/\/proje.ustalar.com\/index.php?rest_route=%2Fwp%2Fv2%2Fmedia&parent=149"}],"curies":[{"name":"wp","href":"https:\/\/api.w.org\/{rel}","templated":true}]}}