{"id":101,"date":"2025-03-24T04:35:51","date_gmt":"2025-03-24T01:35:51","guid":{"rendered":"https:\/\/proje.ustalar.com\/?page_id=101"},"modified":"2025-03-24T04:35:52","modified_gmt":"2025-03-24T01:35:52","slug":"projelendirme","status":"publish","type":"page","link":"https:\/\/proje.ustalar.com\/?page_id=101","title":{"rendered":"PROJELEND\u0130RME"},"content":{"rendered":"\n<h4 class=\"wp-block-heading\">Tasar\u0131m \u00c7izim<\/h4>\n\n\n\n<p>SoftMark olarak, sekt\u00f6r\u00fcn \u00f6nde gelen 2B CAD (Bilgisayar Destekli Tasar\u0131m) yaz\u0131l\u0131mlar\u0131n\u0131 sizlere sunuyoruz. Hassas taslak olu\u015fturma, tasar\u0131m ve dok\u00fcmantasyon ihtiya\u00e7lar\u0131n\u0131z i\u00e7in en uygun \u00e7\u00f6z\u00fcmleri bulman\u0131za yard\u0131mc\u0131 oluyoruz. Sundu\u011fumuz yaz\u0131l\u0131mlar, kullan\u0131c\u0131 dostu aray\u00fczleri ve g\u00fc\u00e7l\u00fc \u00f6zellikleriyle projelerinizi h\u0131zl\u0131 ve etkili bir \u015fekilde tamamlaman\u0131za olanak tan\u0131r.<\/p>\n\n\n\n<h4 class=\"wp-block-heading\">Sundu\u011fumuz CAD Yaz\u0131l\u0131mlar\u0131n\u0131n<br>\u00d6ne \u00c7\u0131kan \u00d6zellikleri<\/h4>\n\n\n<div class=\"wp-block-image\">\n<figure class=\"alignleft\"><img decoding=\"async\" src=\"https:\/\/www.trsoftmark.com\/wp-content\/uploads\/2024\/11\/2d.png\" alt=\"\"\/><\/figure>\n<\/div>\n\n\n<h4 class=\"wp-block-heading\">2B Taslak Olu\u015fturma<\/h4>\n\n\n\n<p>Milimetrik hassasiyetle detayl\u0131 \u00e7izimler yapma ve teknik projeleri kolayca olu\u015fturma imkan\u0131.\ufffd<\/p>\n\n\n\n<p><a href=\"https:\/\/www.trsoftmark.com\/tasarim-cizim\/#\"><\/a><\/p>\n\n\n<div class=\"wp-block-image\">\n<figure class=\"alignleft\"><img decoding=\"async\" src=\"https:\/\/www.trsoftmark.com\/wp-content\/uploads\/2024\/11\/geometry-1.png\" alt=\"\"\/><\/figure>\n<\/div>\n\n\n<h4 class=\"wp-block-heading\">Ak\u0131ll\u0131 Tasar\u0131m Ara\u00e7lar\u0131<\/h4>\n\n\n\n<p>Otomatik \u00f6l\u00e7eklendirme ve hizalama ile tasar\u0131m s\u00fcrecini h\u0131zland\u0131rma.<\/p>\n\n\n\n<p><a href=\"https:\/\/www.trsoftmark.com\/tasarim-cizim\/#\"><\/a><\/p>\n\n\n<div class=\"wp-block-image\">\n<figure class=\"alignleft\"><img decoding=\"async\" src=\"https:\/\/www.trsoftmark.com\/wp-content\/uploads\/2024\/11\/docs.png\" alt=\"\"\/><\/figure>\n<\/div>\n\n\n<h4 class=\"wp-block-heading\">Kapsaml\u0131 Dok\u00fcmantasyon<\/h4>\n\n\n\n<p>Projeleri detayl\u0131 notlar ve a\u00e7\u0131klamalarla zenginle\u015ftirme.<\/p>\n\n\n\n<p><a href=\"https:\/\/www.trsoftmark.com\/tasarim-cizim\/#\"><\/a><\/p>\n\n\n<div class=\"wp-block-image\">\n<figure class=\"alignleft\"><img decoding=\"async\" src=\"https:\/\/www.trsoftmark.com\/wp-content\/uploads\/2024\/11\/comparison.png\" alt=\"\"\/><\/figure>\n<\/div>\n\n\n<h4 class=\"wp-block-heading\">\u00c7izim Kar\u015f\u0131la\u015ft\u0131rma<\/h4>\n\n\n\n<p>Farkl\u0131 versiyonlar\u0131 h\u0131zl\u0131ca kar\u015f\u0131la\u015ft\u0131rma ve de\u011fi\u015fiklikleri tespit etme.<\/p>\n\n\n\n<p><a href=\"https:\/\/www.trsoftmark.com\/tasarim-cizim\/#\"><\/a><\/p>\n\n\n<div class=\"wp-block-image\">\n<figure class=\"alignleft\"><img decoding=\"async\" src=\"https:\/\/www.trsoftmark.com\/wp-content\/uploads\/2024\/11\/system.png\" alt=\"\"\/><\/figure>\n<\/div>\n\n\n<h4 class=\"wp-block-heading\">Otomatik Sayma ve Nesne Ekleme<\/h4>\n\n\n\n<p>Tekrarlayan g\u00f6revleri otomatikle\u015ftirerek zaman kazanma.<\/p>\n\n\n\n<p><a href=\"https:\/\/www.trsoftmark.com\/tasarim-cizim\/#\"><\/a><\/p>\n\n\n<div class=\"wp-block-image\">\n<figure class=\"alignleft\"><img decoding=\"async\" src=\"https:\/\/www.trsoftmark.com\/wp-content\/uploads\/2024\/11\/database-table.png\" alt=\"\"\/><\/figure>\n<\/div>\n\n\n<h4 class=\"wp-block-heading\">Tablo Olu\u015fturma<\/h4>\n\n\n\n<p>Proje verilerini d\u00fczenli ve anla\u015f\u0131l\u0131r tablolara d\u00f6n\u00fc\u015ft\u00fcrme.<\/p>\n\n\n\n<p><\/p>\n","protected":false},"excerpt":{"rendered":"<p>Tasar\u0131m \u00c7izim SoftMark olarak, sekt\u00f6r\u00fcn \u00f6nde gelen 2B CAD (Bilgisayar Destekli Tasar\u0131m) yaz\u0131l\u0131mlar\u0131n\u0131 sizlere sunuyoruz. Hassas taslak olu\u015fturma, tasar\u0131m ve dok\u00fcmantasyon ihtiya\u00e7lar\u0131n\u0131z i\u00e7in en uygun \u00e7\u00f6z\u00fcmleri bulman\u0131za yard\u0131mc\u0131 oluyoruz. Sundu\u011fumuz yaz\u0131l\u0131mlar, kullan\u0131c\u0131 dostu aray\u00fczleri ve g\u00fc\u00e7l\u00fc \u00f6zellikleriyle projelerinizi h\u0131zl\u0131 ve etkili bir \u015fekilde tamamlaman\u0131za olanak tan\u0131r. Sundu\u011fumuz CAD Yaz\u0131l\u0131mlar\u0131n\u0131n\u00d6ne \u00c7\u0131kan \u00d6zellikleri 2B Taslak Olu\u015fturma Milimetrik [&hellip;]<\/p>\n","protected":false},"author":1,"featured_media":0,"parent":0,"menu_order":0,"comment_status":"closed","ping_status":"closed","template":"","meta":{"footnotes":""},"class_list":["post-101","page","type-page","status-publish","hentry"],"_links":{"self":[{"href":"https:\/\/proje.ustalar.com\/index.php?rest_route=\/wp\/v2\/pages\/101","targetHints":{"allow":["GET"]}}],"collection":[{"href":"https:\/\/proje.ustalar.com\/index.php?rest_route=\/wp\/v2\/pages"}],"about":[{"href":"https:\/\/proje.ustalar.com\/index.php?rest_route=\/wp\/v2\/types\/page"}],"author":[{"embeddable":true,"href":"https:\/\/proje.ustalar.com\/index.php?rest_route=\/wp\/v2\/users\/1"}],"replies":[{"embeddable":true,"href":"https:\/\/proje.ustalar.com\/index.php?rest_route=%2Fwp%2Fv2%2Fcomments&post=101"}],"version-history":[{"count":1,"href":"https:\/\/proje.ustalar.com\/index.php?rest_route=\/wp\/v2\/pages\/101\/revisions"}],"predecessor-version":[{"id":103,"href":"https:\/\/proje.ustalar.com\/index.php?rest_route=\/wp\/v2\/pages\/101\/revisions\/103"}],"wp:attachment":[{"href":"https:\/\/proje.ustalar.com\/index.php?rest_route=%2Fwp%2Fv2%2Fmedia&parent=101"}],"curies":[{"name":"wp","href":"https:\/\/api.w.org\/{rel}","templated":true}]}}